{"id":69,"date":"2016-10-10T10:04:01","date_gmt":"2016-10-10T09:04:01","guid":{"rendered":"http:\/\/teamtec.cz\/new\/?page_id=69"},"modified":"2016-10-11T07:54:08","modified_gmt":"2016-10-11T06:54:08","slug":"kontaktujte-nas","status":"publish","type":"page","link":"https:\/\/teamtec.cz\/ru\/kontaktujte-nas\/","title":{"rendered":"\u0421\u0432\u044f\u0437\u0430\u0442\u044c\u0441\u044f \u0441 \u043d\u0430\u043c\u0438"},"content":{"rendered":"<p><strong>Na\u0161e s\u00eddlo<br \/>\n<\/strong><\/p>\n<hr \/>\n<div style=\"display: inline-block; margin-right: 30px;\"><b>Adresa:<\/b><br \/>\nTEAMTEC<br \/>\nTeamtec s.r.o<br \/>\nKlatovsk\u00e1 t\u0159\u00edda 1460\/83,<br \/>\nPlze\u0148-Ji\u017en\u00ed P\u0159edm\u011bst\u00ed,<br \/>\nPS\u010c 301 00<br \/>\nCeska republika<\/div>\n<div style=\"display: inline-block; vertical-align: top;\"><b>\u0442\u0435\u043b\u0435\u0444\u043e\u043d:<\/b><br \/>\n00420731888550<br \/>\n<b>E-mail:<\/b><br \/>\nsales@teamtec.cz<\/div>\n<hr \/>\n<p>\n<div class=\"wpcf7 no-js\" id=\"wpcf7-f95-o4\" lang=\"cs-CZ\" dir=\"ltr\" data-wpcf7-id=\"95\">\n<div class=\"screen-reader-response\"><p role=\"status\" aria-live=\"polite\" aria-atomic=\"true\"><\/p> <ul><\/ul><\/div>\n<form action=\"\/ru\/wp-json\/wp\/v2\/pages\/69#wpcf7-f95-o4\" method=\"post\" class=\"wpcf7-form init\" aria-label=\"Kontaktn\u00ed formul\u00e1\u0159\" novalidate=\"novalidate\" data-status=\"init\">\n<fieldset class=\"hidden-fields-container\"><input type=\"hidden\" name=\"_wpcf7\" value=\"95\" \/><input type=\"hidden\" name=\"_wpcf7_version\" value=\"6.1.4\" \/><input type=\"hidden\" name=\"_wpcf7_locale\" value=\"cs_CZ\" \/><input type=\"hidden\" name=\"_wpcf7_unit_tag\" value=\"wpcf7-f95-o4\" \/><input type=\"hidden\" name=\"_wpcf7_container_post\" value=\"0\" \/><input type=\"hidden\" name=\"_wpcf7_posted_data_hash\" value=\"\" \/><input type=\"hidden\" name=\"_wpcf7_recaptcha_response\" value=\"\" \/>\n<\/fieldset>\n<p><label> \u0412\u0430\u0448\u0435 \u0438\u043c\u044f (\u0442\u0440\u0435\u0431\u0443\u0435\u0442\u0441\u044f)<br \/>\n<span class=\"wpcf7-form-control-wrap\" data-name=\"your-name\"><input size=\"40\" maxlength=\"400\" class=\"wpcf7-form-control wpcf7-text wpcf7-validates-as-required\" aria-required=\"true\" aria-invalid=\"false\" value=\"\" type=\"text\" name=\"your-name\" \/><\/span> <\/label>\n<\/p>\n<p><label> \u044d\u043c\u0430\u043b\u044c (\u0442\u0440\u0435\u0431\u0443\u0435\u0442\u0441\u044f)<br \/>\n<span class=\"wpcf7-form-control-wrap\" data-name=\"your-email\"><input size=\"40\" maxlength=\"400\" class=\"wpcf7-form-control wpcf7-email wpcf7-validates-as-required wpcf7-text wpcf7-validates-as-email\" aria-required=\"true\" aria-invalid=\"false\" value=\"\" type=\"email\" name=\"your-email\" \/><\/span> <\/label>\n<\/p>\n<p><label> \u0441\u0443\u0431\u044a\u0435\u043a\u0442<br \/>\n<span class=\"wpcf7-form-control-wrap\" data-name=\"your-subject\"><input size=\"40\" maxlength=\"400\" class=\"wpcf7-form-control wpcf7-text\" aria-invalid=\"false\" value=\"\" type=\"text\" name=\"your-subject\" \/><\/span> <\/label>\n<\/p>\n<p><label> \u0432\u0430\u0448\u0435 \u0441\u043e\u043e\u0431\u0449\u0435\u043d\u0438\u0435 (\u0442\u0440\u0435\u0431\u0443\u0435\u0442\u0441\u044f)<br \/>\n<span class=\"wpcf7-form-control-wrap\" data-name=\"your-message\"><textarea cols=\"40\" rows=\"10\" maxlength=\"2000\" class=\"wpcf7-form-control wpcf7-textarea wpcf7-validates-as-required\" aria-required=\"true\" aria-invalid=\"false\" name=\"your-message\"><\/textarea><\/span> <\/label>\n<\/p>\n<p><input class=\"wpcf7-form-control wpcf7-submit has-spinner\" type=\"submit\" value=\"Odeslat\" \/>\n<\/p><div class=\"wpcf7-response-output\" aria-hidden=\"true\"><\/div>\n<\/form>\n<\/div>\n<\/p>","protected":false},"excerpt":{"rendered":"<p>Na\u0161e s\u00eddlo Adresa: TEAMTEC Teamtec s.r.o Klatovsk\u00e1 t\u0159\u00edda 1460\/83, Plze\u0148-Ji\u017en\u00ed P\u0159edm\u011bst\u00ed, PS\u010c 301 00 Ceska republika \u0442\u0435\u043b\u0435\u0444\u043e\u043d: 00420731888550 E-mail: sales@teamtec.cz<\/p>\n","protected":false},"author":1,"featured_media":0,"parent":0,"menu_order":0,"comment_status":"closed","ping_status":"closed","template":"","meta":{"footnotes":""},"class_list":["post-69","page","type-page","status-publish","hentry"],"_links":{"self":[{"href":"https:\/\/teamtec.cz\/ru\/wp-json\/wp\/v2\/pages\/69","targetHints":{"allow":["GET"]}}],"collection":[{"href":"https:\/\/teamtec.cz\/ru\/wp-json\/wp\/v2\/pages"}],"about":[{"href":"https:\/\/teamtec.cz\/ru\/wp-json\/wp\/v2\/types\/page"}],"author":[{"embeddable":true,"href":"https:\/\/teamtec.cz\/ru\/wp-json\/wp\/v2\/users\/1"}],"replies":[{"embeddable":true,"href":"https:\/\/teamtec.cz\/ru\/wp-json\/wp\/v2\/comments?post=69"}],"version-history":[{"count":13,"href":"https:\/\/teamtec.cz\/ru\/wp-json\/wp\/v2\/pages\/69\/revisions"}],"predecessor-version":[{"id":104,"href":"https:\/\/teamtec.cz\/ru\/wp-json\/wp\/v2\/pages\/69\/revisions\/104"}],"wp:attachment":[{"href":"https:\/\/teamtec.cz\/ru\/wp-json\/wp\/v2\/media?parent=69"}],"curies":[{"name":"wp","href":"https:\/\/api.w.org\/{rel}","templated":true}]}}