{"id":65,"date":"2016-10-10T10:03:35","date_gmt":"2016-10-10T09:03:35","guid":{"rendered":"http:\/\/teamtec.cz\/new\/?page_id=65"},"modified":"2021-02-25T03:19:09","modified_gmt":"2021-02-25T02:19:09","slug":"o-nas","status":"publish","type":"page","link":"https:\/\/teamtec.cz\/fr\/o-nas\/","title":{"rendered":"A propos de nous"},"content":{"rendered":"<p><\/p>\n<p style=\"text-align: left;\"><strong>TEAMTEC vous propose tous les composants m\u00e9caniques pour \u00e9quiper vos centres d&rsquo;usinage CN en standard mais \u00e9galement selon des demandes sp\u00e9ciales.<br \/>\n<\/strong><strong>Une \u00e9quipe de techniciens motiv\u00e9s sont \u00e0 votre \u00e9coute pour r\u00e9pondre \u00e0 toutes vos exigences et vos interrogations<\/strong><\/p>\n<div class=\"force_dir\"><\/div>\n<div class=\"force_dir\"><\/div>\n<div class=\"force_dir\"><\/div>\n<div class=\"force_dir\"><\/div>\n<p><\/p>","protected":false},"excerpt":{"rendered":"<p>TEAMTEC vous propose tous les composants m\u00e9caniques pour \u00e9quiper vos centres d&rsquo;usinage CN en standard mais \u00e9galement selon des demandes sp\u00e9ciales. Une \u00e9quipe de techniciens motiv\u00e9s sont \u00e0 votre \u00e9coute <a class=\"more-link\" href=\"https:\/\/teamtec.cz\/fr\/o-nas\/\">Continue Reading &rarr;<\/a><\/p>\n","protected":false},"author":1,"featured_media":0,"parent":0,"menu_order":0,"comment_status":"closed","ping_status":"closed","template":"","meta":{"footnotes":""},"class_list":["post-65","page","type-page","status-publish","hentry"],"_links":{"self":[{"href":"https:\/\/teamtec.cz\/fr\/wp-json\/wp\/v2\/pages\/65","targetHints":{"allow":["GET"]}}],"collection":[{"href":"https:\/\/teamtec.cz\/fr\/wp-json\/wp\/v2\/pages"}],"about":[{"href":"https:\/\/teamtec.cz\/fr\/wp-json\/wp\/v2\/types\/page"}],"author":[{"embeddable":true,"href":"https:\/\/teamtec.cz\/fr\/wp-json\/wp\/v2\/users\/1"}],"replies":[{"embeddable":true,"href":"https:\/\/teamtec.cz\/fr\/wp-json\/wp\/v2\/comments?post=65"}],"version-history":[{"count":18,"href":"https:\/\/teamtec.cz\/fr\/wp-json\/wp\/v2\/pages\/65\/revisions"}],"predecessor-version":[{"id":1235,"href":"https:\/\/teamtec.cz\/fr\/wp-json\/wp\/v2\/pages\/65\/revisions\/1235"}],"wp:attachment":[{"href":"https:\/\/teamtec.cz\/fr\/wp-json\/wp\/v2\/media?parent=65"}],"curies":[{"name":"wp","href":"https:\/\/api.w.org\/{rel}","templated":true}]}}