{"id":46,"date":"2016-10-10T09:55:41","date_gmt":"2016-10-10T08:55:41","guid":{"rendered":"http:\/\/teamtec.cz\/new\/?page_id=46"},"modified":"2016-10-13T20:57:50","modified_gmt":"2016-10-13T19:57:50","slug":"presne-pneumaticke-sklicidlo","status":"publish","type":"page","link":"https:\/\/teamtec.cz\/cs\/sklicidla\/presne-pneumaticke-sklicidlo\/","title":{"rendered":"P\u0159esn\u00e9 pneumatick\u00e9 skl\u00ed\u010didlo"},"content":{"rendered":"<p><img loading=\"lazy\" decoding=\"async\" class=\"wp-image-227 aligncenter colorbox-46\" src=\"https:\/\/teamtec.cz\/wp-content\/uploads\/2016\/10\/PRESNE-PNEUMATICKE-SKLICIDLO.jpg\" alt=\"presne-pneumaticke-sklicidlo\" width=\"642\" height=\"446\" srcset=\"https:\/\/teamtec.cz\/wp-content\/uploads\/2016\/10\/PRESNE-PNEUMATICKE-SKLICIDLO.jpg 1135w, https:\/\/teamtec.cz\/wp-content\/uploads\/2016\/10\/PRESNE-PNEUMATICKE-SKLICIDLO-300x208.jpg 300w, https:\/\/teamtec.cz\/wp-content\/uploads\/2016\/10\/PRESNE-PNEUMATICKE-SKLICIDLO-768x533.jpg 768w, https:\/\/teamtec.cz\/wp-content\/uploads\/2016\/10\/PRESNE-PNEUMATICKE-SKLICIDLO-1024x711.jpg 1024w\" sizes=\"auto, (max-width: 642px) 100vw, 642px\" \/><\/p>","protected":false},"excerpt":{"rendered":"","protected":false},"author":1,"featured_media":0,"parent":36,"menu_order":0,"comment_status":"closed","ping_status":"closed","template":"","meta":{"footnotes":""},"class_list":["post-46","page","type-page","status-publish","hentry"],"_links":{"self":[{"href":"https:\/\/teamtec.cz\/cs\/wp-json\/wp\/v2\/pages\/46","targetHints":{"allow":["GET"]}}],"collection":[{"href":"https:\/\/teamtec.cz\/cs\/wp-json\/wp\/v2\/pages"}],"about":[{"href":"https:\/\/teamtec.cz\/cs\/wp-json\/wp\/v2\/types\/page"}],"author":[{"embeddable":true,"href":"https:\/\/teamtec.cz\/cs\/wp-json\/wp\/v2\/users\/1"}],"replies":[{"embeddable":true,"href":"https:\/\/teamtec.cz\/cs\/wp-json\/wp\/v2\/comments?post=46"}],"version-history":[{"count":3,"href":"https:\/\/teamtec.cz\/cs\/wp-json\/wp\/v2\/pages\/46\/revisions"}],"predecessor-version":[{"id":231,"href":"https:\/\/teamtec.cz\/cs\/wp-json\/wp\/v2\/pages\/46\/revisions\/231"}],"up":[{"embeddable":true,"href":"https:\/\/teamtec.cz\/cs\/wp-json\/wp\/v2\/pages\/36"}],"wp:attachment":[{"href":"https:\/\/teamtec.cz\/cs\/wp-json\/wp\/v2\/media?parent=46"}],"curies":[{"name":"wp","href":"https:\/\/api.w.org\/{rel}","templated":true}]}}