{"id":44,"date":"2016-10-10T09:55:28","date_gmt":"2016-10-10T08:55:28","guid":{"rendered":"http:\/\/teamtec.cz\/new\/?page_id=44"},"modified":"2016-10-13T20:54:49","modified_gmt":"2016-10-13T19:54:49","slug":"klestinovy-upinac","status":"publish","type":"page","link":"https:\/\/teamtec.cz\/cs\/sklicidla\/klestinovy-upinac\/","title":{"rendered":"Kle\u0161tinov\u00fd up\u00edna\u010d"},"content":{"rendered":"<p><img loading=\"lazy\" decoding=\"async\" class=\"size-medium wp-image-215 aligncenter colorbox-44\" src=\"https:\/\/teamtec.cz\/wp-content\/uploads\/2016\/10\/mandrin-a-pinces-300x144.jpg\" alt=\"mandrin-a-pinces\" width=\"300\" height=\"144\" srcset=\"https:\/\/teamtec.cz\/wp-content\/uploads\/2016\/10\/mandrin-a-pinces-300x144.jpg 300w, https:\/\/teamtec.cz\/wp-content\/uploads\/2016\/10\/mandrin-a-pinces.jpg 312w\" sizes=\"auto, (max-width: 300px) 100vw, 300px\" \/><\/p>\n<p><img loading=\"lazy\" decoding=\"async\" class=\"size-full wp-image-216 aligncenter colorbox-44\" src=\"https:\/\/teamtec.cz\/wp-content\/uploads\/2016\/10\/Mandrin-Teamtec-en.jpg\" alt=\"mandrin-teamtec-en\" width=\"2480\" height=\"3508\" srcset=\"https:\/\/teamtec.cz\/wp-content\/uploads\/2016\/10\/Mandrin-Teamtec-en.jpg 2480w, https:\/\/teamtec.cz\/wp-content\/uploads\/2016\/10\/Mandrin-Teamtec-en-212x300.jpg 212w, https:\/\/teamtec.cz\/wp-content\/uploads\/2016\/10\/Mandrin-Teamtec-en-768x1086.jpg 768w, https:\/\/teamtec.cz\/wp-content\/uploads\/2016\/10\/Mandrin-Teamtec-en-724x1024.jpg 724w\" sizes=\"auto, (max-width: 2480px) 100vw, 2480px\" \/><\/p>\n","protected":false},"excerpt":{"rendered":"","protected":false},"author":1,"featured_media":0,"parent":36,"menu_order":0,"comment_status":"closed","ping_status":"closed","template":"","meta":{"footnotes":""},"class_list":["post-44","page","type-page","status-publish","hentry"],"_links":{"self":[{"href":"https:\/\/teamtec.cz\/cs\/wp-json\/wp\/v2\/pages\/44","targetHints":{"allow":["GET"]}}],"collection":[{"href":"https:\/\/teamtec.cz\/cs\/wp-json\/wp\/v2\/pages"}],"about":[{"href":"https:\/\/teamtec.cz\/cs\/wp-json\/wp\/v2\/types\/page"}],"author":[{"embeddable":true,"href":"https:\/\/teamtec.cz\/cs\/wp-json\/wp\/v2\/users\/1"}],"replies":[{"embeddable":true,"href":"https:\/\/teamtec.cz\/cs\/wp-json\/wp\/v2\/comments?post=44"}],"version-history":[{"count":11,"href":"https:\/\/teamtec.cz\/cs\/wp-json\/wp\/v2\/pages\/44\/revisions"}],"predecessor-version":[{"id":226,"href":"https:\/\/teamtec.cz\/cs\/wp-json\/wp\/v2\/pages\/44\/revisions\/226"}],"up":[{"embeddable":true,"href":"https:\/\/teamtec.cz\/cs\/wp-json\/wp\/v2\/pages\/36"}],"wp:attachment":[{"href":"https:\/\/teamtec.cz\/cs\/wp-json\/wp\/v2\/media?parent=44"}],"curies":[{"name":"wp","href":"https:\/\/api.w.org\/{rel}","templated":true}]}}