{"id":34,"date":"2016-10-10T09:53:30","date_gmt":"2016-10-10T08:53:30","guid":{"rendered":"http:\/\/teamtec.cz\/new\/?page_id=34"},"modified":"2016-10-11T10:07:46","modified_gmt":"2016-10-11T09:07:46","slug":"nastrojove-drzaky","status":"publish","type":"page","link":"https:\/\/teamtec.cz\/cs\/nastrojove-drzaky\/","title":{"rendered":"N\u00c1STROJOV\u00c9 DR\u017d\u00c1KY"},"content":{"rendered":"<p><\/p>\n<h3 style=\"text-align: center;\"><i class=\"fa fa-arrow-right \" ><\/i> <strong><a href=\"https:\/\/teamtec.cz\/nastrojove-drzaky\/vyberte-si-nastrojovy-drzak\/\">Vyberte si n\u00e1strojov\u00fd dr\u017e\u00e1k<\/a>\u00a0<i class=\"fa fa-arrow-left \" ><\/i><\/strong><\/h3>\n<div style=\"text-align: center;\"><\/div>\n<p>&nbsp;<\/p>\n<h3 style=\"text-align: center;\"><strong>S popt\u00e1vkou n\u00e1strojov\u00fdch dr\u017e\u00e1k\u016f n\u00e1s, pros\u00edm, kontaktujte na n\u00ed\u017ee uveden\u00fd mail:<br \/>\n<\/strong><strong>sales@teamtec.cz<\/strong><\/h3>\n<p><\/p>","protected":false},"excerpt":{"rendered":"<p>Vyberte si n\u00e1strojov\u00fd dr\u017e\u00e1k\u00a0 &nbsp; S popt\u00e1vkou n\u00e1strojov\u00fdch dr\u017e\u00e1k\u016f n\u00e1s, pros\u00edm, kontaktujte na n\u00ed\u017ee uveden\u00fd mail: sales@teamtec.cz<\/p>\n","protected":false},"author":1,"featured_media":0,"parent":0,"menu_order":0,"comment_status":"closed","ping_status":"closed","template":"","meta":{"footnotes":""},"class_list":["post-34","page","type-page","status-publish","hentry"],"_links":{"self":[{"href":"https:\/\/teamtec.cz\/cs\/wp-json\/wp\/v2\/pages\/34","targetHints":{"allow":["GET"]}}],"collection":[{"href":"https:\/\/teamtec.cz\/cs\/wp-json\/wp\/v2\/pages"}],"about":[{"href":"https:\/\/teamtec.cz\/cs\/wp-json\/wp\/v2\/types\/page"}],"author":[{"embeddable":true,"href":"https:\/\/teamtec.cz\/cs\/wp-json\/wp\/v2\/users\/1"}],"replies":[{"embeddable":true,"href":"https:\/\/teamtec.cz\/cs\/wp-json\/wp\/v2\/comments?post=34"}],"version-history":[{"count":13,"href":"https:\/\/teamtec.cz\/cs\/wp-json\/wp\/v2\/pages\/34\/revisions"}],"predecessor-version":[{"id":151,"href":"https:\/\/teamtec.cz\/cs\/wp-json\/wp\/v2\/pages\/34\/revisions\/151"}],"wp:attachment":[{"href":"https:\/\/teamtec.cz\/cs\/wp-json\/wp\/v2\/media?parent=34"}],"curies":[{"name":"wp","href":"https:\/\/api.w.org\/{rel}","templated":true}]}}