{"id":1288,"date":"2021-02-26T16:56:02","date_gmt":"2021-02-26T15:56:02","guid":{"rendered":"https:\/\/teamtec.cz\/?page_id=1288"},"modified":"2024-11-18T23:02:10","modified_gmt":"2024-11-18T22:02:10","slug":"swisstools","status":"publish","type":"page","link":"https:\/\/teamtec.cz\/cs\/swisstools\/","title":{"rendered":"SWISSTOOLS"},"content":{"rendered":"<p><div id='Swisstools_navigace' class='widgets_on_page wop_tiny1  wop_small1  wop_medium1  wop_large1  wop_wide1'>\n\t\t\t<ul><li id=\"nav_menu-19\" class=\"widget widget_nav_menu\"><div class=\"menu-swisstools-navigation-container\"><ul id=\"menu-swisstools-navigation\" class=\"menu\"><li id=\"menu-item-1298\" class=\"menu-item menu-item-type-post_type menu-item-object-page menu-item-1298\"><a href=\"https:\/\/teamtec.cz\/cs\/swisstools\/celkovy-katalog-swiss-micro\/\">Celkov\u00fd katalog SWISS-MICRO<\/a><\/li>\n<\/ul><\/div><\/li><\/ul><\/div><!-- widgets_on_page --><\/p>\n<p><img loading=\"lazy\" decoding=\"async\" class=\"aligncenter size-full wp-image-1324 colorbox-1288\" src=\"https:\/\/teamtec.cz\/wp-content\/uploads\/2021\/02\/swisstools_logo.png\" alt=\"\" width=\"500\" height=\"59\" srcset=\"https:\/\/teamtec.cz\/wp-content\/uploads\/2021\/02\/swisstools_logo.png 500w, https:\/\/teamtec.cz\/wp-content\/uploads\/2021\/02\/swisstools_logo-300x35.png 300w\" sizes=\"auto, (max-width: 500px) 100vw, 500px\" \/><\/p>\n<p>&nbsp;<\/p>\n<p><span style=\"color: #ff0000; font-size: 14pt;\"><strong>Swiss Tool Systems AG<\/strong><\/span> je jedn\u00edm z p\u0159edn\u00edch dodavatel\u016f modul\u00e1rn\u00edch n\u00e1strojov\u00fdch syst\u00e9m\u016f na sv\u011bt\u011b a od roku 2019 spad\u00e1 do skupiny Schaublin<\/p>\n<p><strong>Syst\u00e9m Swiss Micro<\/strong> byl vyvinut pro soustruhy \u0161v\u00fdcarsk\u00e9ho typu a v\u00edce v\u0159etenov\u00e9 automaty r\u016fzn\u00fdch zna\u010dek.<\/p>\n<p>V procesu v\u00fdvoje tohoto n\u00e1stroje byl kladen d\u016fraz na zkr\u00e1cen\u00ed neproduktivn\u00edch \u010das\u016f. V\u00fdm\u011bna vym\u011bniteln\u00fdch b\u0159itov\u00fdch desti\u010dek je \u010dasto mo\u017en\u00e1 jen v omezen\u00e9 m\u00ed\u0159e kv\u016fli konstrukci stroj\u016f. V\u011bt\u0161inu \u010dasu mus\u00ed b\u00fdt odstran\u011bn cel\u00fd z\u00e1kladn\u00ed dr\u017e\u00e1k. To je velmi \u010dasov\u011b n\u00e1ro\u010dn\u00e9 a vede k dlouh\u00fdm prostoj\u016fm, kter\u00e9 jsou, d\u00edky tomuto syst\u00e9mu, nyn\u00ed minulost\u00ed.<\/p>\n<p>Tento syst\u00e9m umo\u017e\u0148uje vysoce p\u0159esn\u00e9 um\u00edst\u011bn\u00ed vym\u011bniteln\u00e9 hlavy s vysokou pevnost\u00ed.<\/p>\n<p>Dal\u0161\u00edmi v\u00fdhodami je mo\u017enost p\u0159ednastaven\u00ed mimo stroj, velmi snadn\u00e1 manipulace a \u00faspora \u010dasu p\u0159i se\u0159izov\u00e1n\u00ed stroje p\u0159i v\u00fdm\u011bn\u011b n\u00e1stroj\u016f<\/p>\n<p>Syst\u00e9m Swiss-Micro nab\u00edz\u00ed \u0159e\u0161en\u00ed pro vnit\u0159n\u00ed a vn\u011bj\u0161\u00ed obr\u00e1b\u011bn\u00ed. Tato \u0159ada zahrnuje \u010dtvercov\u00e9 dr\u017e\u00e1ky ve velikostech 12&#215;12 a 16&#215;16, stejn\u011b jako kulat\u00e9 dr\u017e\u00e1ky \u00d820, 22 a 25mm a palcov\u00e9 rozm\u011bry 19,05 a 25,4 mm.<\/p>","protected":false},"excerpt":{"rendered":"<p>&nbsp; Swiss Tool Systems AG je jedn\u00edm z p\u0159edn\u00edch dodavatel\u016f modul\u00e1rn\u00edch n\u00e1strojov\u00fdch syst\u00e9m\u016f na sv\u011bt\u011b a od roku 2019 spad\u00e1 do skupiny Schaublin Syst\u00e9m Swiss Micro byl vyvinut pro soustruhy <a class=\"more-link\" href=\"https:\/\/teamtec.cz\/cs\/swisstools\/\">Continue Reading &rarr;<\/a><\/p>\n","protected":false},"author":1,"featured_media":0,"parent":0,"menu_order":0,"comment_status":"closed","ping_status":"closed","template":"","meta":{"footnotes":""},"class_list":["post-1288","page","type-page","status-publish","hentry"],"_links":{"self":[{"href":"https:\/\/teamtec.cz\/cs\/wp-json\/wp\/v2\/pages\/1288","targetHints":{"allow":["GET"]}}],"collection":[{"href":"https:\/\/teamtec.cz\/cs\/wp-json\/wp\/v2\/pages"}],"about":[{"href":"https:\/\/teamtec.cz\/cs\/wp-json\/wp\/v2\/types\/page"}],"author":[{"embeddable":true,"href":"https:\/\/teamtec.cz\/cs\/wp-json\/wp\/v2\/users\/1"}],"replies":[{"embeddable":true,"href":"https:\/\/teamtec.cz\/cs\/wp-json\/wp\/v2\/comments?post=1288"}],"version-history":[{"count":7,"href":"https:\/\/teamtec.cz\/cs\/wp-json\/wp\/v2\/pages\/1288\/revisions"}],"predecessor-version":[{"id":1384,"href":"https:\/\/teamtec.cz\/cs\/wp-json\/wp\/v2\/pages\/1288\/revisions\/1384"}],"wp:attachment":[{"href":"https:\/\/teamtec.cz\/cs\/wp-json\/wp\/v2\/media?parent=1288"}],"curies":[{"name":"wp","href":"https:\/\/api.w.org\/{rel}","templated":true}]}}